{"id":3529,"date":"2024-05-23T17:15:12","date_gmt":"2024-05-23T15:15:12","guid":{"rendered":"https:\/\/campinglepalme.it\/privacy-copy\/"},"modified":"2024-05-27T10:54:57","modified_gmt":"2024-05-27T08:54:57","slug":"privacy","status":"publish","type":"page","link":"https:\/\/www.campinglepalme.it\/de\/privacy\/","title":{"rendered":"Privacy"},"content":{"rendered":"\r\n<p class=\"wp-block-heading\"><span class=\"ng-star-inserted\" data-index=\"0\"><strong>Wer wir sind<\/strong><br \/><br \/><\/span><span class=\"ng-star-inserted\" data-index=\"1\">Die Adresse unserer Website lautet: http:\/\/campinglepalme.piramedia.de.<br \/><br \/><\/span><span class=\"ng-star-inserted\" data-index=\"2\"><strong>Kommentare<\/strong><br \/><br \/><\/span><span class=\"ng-star-inserted\" data-index=\"3\">Wenn Besucher Kommentare auf der Website hinterlassen, erfassen wir die im Kommentarformular angezeigten Daten sowie die IP-Adresse des Besuchers und die Zeichenfolge des User Agents des Browsers, um die Spam-Erkennung zu erleichtern.<br \/><br \/><\/span><span class=\"ng-star-inserted\" data-index=\"4\">Eine anonymisierte Zeichenkette, die aus Ihrer E-Mail-Adresse erstellt wurde (ansonsten Hash genannt), kann dem Gravatar-Dienst zur Verf\u00fcgung gestellt werden, um zu sehen, ob Sie sie verwenden. Die Datenschutzerkl\u00e4rung des Gravatar-Dienstes finden Sie hier: https:\/\/automattic.com\/privacy\/. Nach der Freigabe Ihres Kommentars ist Ihr Profilbild im Kontext Ihres Kommentars \u00f6ffentlich sichtbar.<br \/><br \/><\/span><span class=\"ng-star-inserted\" data-index=\"5\"><strong>Durchschnittlich<\/strong><br \/><br \/><\/span><span class=\"ng-star-inserted\" data-index=\"6\">Wenn Sie Bilder auf die Website hochladen, sollten Sie das Hochladen von Bildern mit eingebetteten Standortdaten (EXIF GPS) vermeiden. Besucher der Website k\u00f6nnen Standortdaten von Bildern auf der Website herunterladen und extrahieren.<br \/><\/span><\/p>\r\n\r\n\r\n\r\n<p><strong>Cookie<\/strong><\/p>\r\n<p>Wenn Sie einen Kommentar auf unserer Website hinterlassen, k\u00f6nnen Sie Ihren Namen, Ihre E-Mail-Adresse und Ihre Website in Cookies speichern. Sie werden f\u00fcr Ihre Bequemlichkeit verwendet, damit Sie Ihre Daten nicht erneut eingeben m\u00fcssen, wenn Sie einen weiteren Kommentar hinterlassen. Diese Cookies halten ein Jahr.<\/p>\r\n<p>Wenn Sie die Anmeldeseite besuchen, wird ein tempor\u00e4res Cookie gesetzt, um festzustellen, ob Ihr Browser Cookies akzeptiert. Dieses Cookie enth\u00e4lt keine personenbezogenen Daten und wird gel\u00f6scht, wenn Sie Ihren Browser schlie\u00dfen.<\/p>\r\n<p>Wenn Sie sich anmelden, werden verschiedene Cookies gesetzt, um Ihre Anmeldeinformationen und Anzeigeoptionen zu speichern. Anmelde-Cookies dauern zwei Tage, w\u00e4hrend Cookies f\u00fcr Bildschirmoptionen ein Jahr dauern. Wenn Sie &#8222;Mich erinnern&#8220; ausw\u00e4hlen, bleibt Ihr Zugriff zwei Wochen lang bestehen. Wenn Sie sich von Ihrem Konto abmelden, werden die Anmeldecookies entfernt.<\/p>\r\n<p>Wenn Sie einen Artikel bearbeiten oder ver\u00f6ffentlichen, wird ein zus\u00e4tzliches Cookie in Ihrem Browser gespeichert. Dieses Cookie enth\u00e4lt keine personenbezogenen Daten, sondern gibt lediglich die ID des gerade ge\u00e4nderten Artikels an. Es l\u00e4uft nach 1 Tag ab.<\/p>\r\n<p><strong>Von anderen Websites eingebettete Inhalte<\/strong><\/p>\r\n\r\n\r\n\r\n<p>Die Artikel auf dieser Website k\u00f6nnen eingebettete Inhalte enthalten (z. B. Videos, Bilder, Artikel usw.). Eingebettete Inhalte von anderen Websites verhalten sich genau so, als h\u00e4tte der Besucher die andere Website besucht.<\/p>\r\n<p>Diese Websites k\u00f6nnen Daten \u00fcber Sie sammeln, Cookies verwenden, zus\u00e4tzliches Tracking von Drittanbietern integrieren und die Interaktion mit ihnen \u00fcberwachen, einschlie\u00dflich der Nachverfolgung Ihrer Interaktion mit eingebetteten Inhalten, wenn Sie ein Konto haben und auf diesen Websites angemeldet sind.<\/p>\r\n\r\n\r\n\r\n<p><strong>Mit wem wir Ihre Daten teilen<\/strong><\/p>\r\n<p>Wenn Sie ein Zur\u00fccksetzen des Passworts anfordern, wird Ihre IP-Adresse in der Zur\u00fccksetzungs-E-Mail angegeben.<\/p>\r\n<p><strong>Wie lange wir Ihre Daten speichern<\/strong><\/p>\r\n<p>Wenn Sie einen Kommentar hinterlassen, bleiben der Kommentar und seine Metadaten unbegrenzt erhalten. Auf diese Weise k\u00f6nnen wir nachfolgende Kommentare automatisch erkennen und genehmigen, anstatt sie in einer Moderationswarteschlange zu halten.<\/p>\r\n<p>F\u00fcr Benutzer, die sich auf unserer Website registrieren (falls vorhanden), speichern wir auch die personenbezogenen Daten, die sie in ihrem Benutzerprofil angeben. Alle Benutzer k\u00f6nnen ihre pers\u00f6nlichen Daten jederzeit einsehen, \u00e4ndern oder l\u00f6schen (mit Ausnahme ihres Benutzernamens, den sie nicht \u00e4ndern k\u00f6nnen). Website-Administratoren k\u00f6nnen diese Informationen auch einsehen und bearbeiten.<\/p>\r\n\r\n\r\n\r\n<p><strong>Welche Rechte Sie an Ihren Daten haben<\/strong><\/p>\r\n<p>\u00a0Wenn Sie ein Konto auf dieser Website haben oder Kommentare hinterlassen haben, k\u00f6nnen Sie eine Exportdatei von der Website mit den pers\u00f6nlichen Daten anfordern, die wir \u00fcber Sie haben, einschlie\u00dflich der Daten, die Sie uns zur Verf\u00fcgung gestellt haben. Sie k\u00f6nnen auch verlangen, dass wir alle personenbezogenen Daten \u00fcber Sie l\u00f6schen. Dies gilt nicht f\u00fcr Daten, die wir zu administrativen, rechtlichen oder Sicherheitszwecken aufbewahren m\u00fcssen.<\/p>\r\n<p><strong>Wohin Ihre Daten gesendet werden<\/strong><\/p>\r\n<p>Die Kommentare der Besucher k\u00f6nnen durch einen automatischen Spam-Erkennungsdienst \u00fcberpr\u00fcft werden.<\/p>\r\n<p><strong>Ihre pers\u00f6nlichen Daten und Kontaktdaten<\/strong><\/p>\r\n<p>Camping Le Palme<br \/>Via dei Cipressi 6<br \/>57020 &#8211; Marina di Bibbona (LI)<br \/>Telefon: (+39) 0586 600457<br \/>E-Mail: Info@Campinglepalme.It<\/p>\r\n<p><strong>Zus\u00e4tzliche Informationen<\/strong><\/p>\r\n<p><strong>Was ist ein Cookie und wozu dient es?<\/strong><\/p>\r\n<p>Ein Cookie ist eine kleine Datei, die an Ihren Browser gesendet und auf Ihrem Ger\u00e4t gespeichert wird, wenn Sie eine Website wie unsere besuchen. Cookies erm\u00f6glichen einen effizienten Betrieb der Website und verbessern deren Leistung. Sie k\u00f6nnen dem Eigent\u00fcmer der Website verschiedene Arten von Informationen f\u00fcr statistische oder Werbezwecke zur Verf\u00fcgung stellen, die haupts\u00e4chlich dazu verwendet werden, Ihr Surferlebnis zu personalisieren, indem Ihre Pr\u00e4ferenzen gespeichert werden. Sie k\u00f6nnen sich zum Beispiel an Ihre bevorzugte Sprache und W\u00e4hrung erinnern, um sie beim n\u00e4chsten Besuch einzustellen, ohne sie erneut anzugeben.<\/p>\r\n<p>Welche Cookies verwenden wir und zu welchen Zwecken?<\/p>\r\n<p>Unsere Website verwendet verschiedene Arten von Cookies und \u00e4hnlichen Technologien, von denen jede eine bestimmte Funktion hat. Nachfolgend finden Sie eine Liste der von unserer Website verwendeten Cookies.<\/p>\r\n<p><strong>Cookies f\u00fcr die Navigation<\/strong><\/p>\r\n<p>Sie werden bei der ersten Anmeldung erstellt. Sie erm\u00f6glichen es der Website, ordnungsgem\u00e4\u00df und schneller zu funktionieren, und erm\u00f6glichen es Ihnen, Inhalte auf Ihrem Ger\u00e4t anzuzeigen, indem Sie die Sprache und das Land erkennen, aus dem Sie sich verbinden m\u00f6chten. Wenn Sie ein registrierter Benutzer sind, k\u00f6nnen sie Sie erkennen und auf die angebotenen Dienste der dedizierten Bereiche zugreifen. Navigationscookies sind technische Cookies, die f\u00fcr den Betrieb der Website erforderlich sind. Sie k\u00f6nnen daher nicht deaktiviert werden<\/p>\r\n<p><strong>Funktionale Cookies<\/strong><\/p>\r\n<p>Diese Cookies erm\u00f6glichen es Ihnen auf Ihre ausdr\u00fcckliche Anfrage hin, Sie bei sp\u00e4teren Zugriffen zu erkennen, damit Sie Ihre Daten nicht bei jedem Besuch eingeben m\u00fcssen. Wenn Sie Artikel zu Ihrem Warenkorb hinzugef\u00fcgt und die Sitzung geschlossen haben, ohne den Kauf abzuschlie\u00dfen und ohne sie zu l\u00f6schen, k\u00f6nnen Sie den Einkauf fortsetzen, wenn Sie das n\u00e4chste Mal &#8211; innerhalb eines begrenzten Zeitraums &#8211; auf die ausgew\u00e4hlten Artikel zugreifen. Funktionale Cookies sind f\u00fcr den Betrieb der Website nicht unerl\u00e4sslich, verbessern jedoch die Qualit\u00e4t und das Navigationserlebnis.<\/p>\r\n<p><strong>Cookies Analytics<\/strong><\/p>\r\n<p>Diese Cookies werden verwendet, um statistische Analysen \u00fcber die Navigation der Benutzer auf unserer Website zu erstellen. Die Website kann einige Dienste von Drittanbietern nutzen, die v\u00f6llig unabh\u00e4ngig ihre eigenen Cookies installieren.<\/p>\r\n<p><strong>Marketing- und Profiling-Cookies von Erst- und Drittanbietern<\/strong><\/p>\r\n<p>Diese Cookies dienen der Erstellung von Benutzerprofilen, um Werbenachrichten zu senden, die den w\u00e4hrend des Besuchs gezeigten Pr\u00e4ferenzen entsprechen, oder um Ihr Navigationserlebnis zu verbessern: Beim Surfen auf unserer Website sind diese Cookies n\u00fctzlich, um Ihnen Produkte anzuzeigen, die f\u00fcr Sie interessant sind oder denen \u00e4hneln, die Sie sich angesehen haben. Dies sind Cookies von Drittanbietern, die von vertrauensw\u00fcrdigen Drittanbietern gesendet werden. Diese Cookies erm\u00f6glichen es uns, Ihnen unser Angebot auf anderen verbundenen Websites anzubieten (Retargeting). \u00dcber die Cookies von Drittanbietern haben wir keine Kontrolle \u00fcber die von dem Cookie bereitgestellten Informationen und keinen Zugriff auf diese Daten. Diese Informationen werden vollst\u00e4ndig von Drittunternehmen kontrolliert, wie in den jeweiligen Datenschutzrichtlinien beschrieben.<\/p>\r\n<p><strong>Cookies von Social Network<\/strong><\/p>\r\n<p>Diese Cookies sind notwendig, damit Ihr Social-Media-Konto mit unserer Website interagieren kann. Sie dienen zum Beispiel dazu, Ihre Wertsch\u00e4tzung auszudr\u00fccken und sie mit Ihren sozialen Freunden zu teilen. Cookies von sozialen Netzwerken sind f\u00fcr die Navigation nicht erforderlich.<\/p>\r\n<p><strong>Wie kann ich Cookies deaktivieren und meine Einstellungen verwalten?<\/strong><\/p>\r\n<p>Die meisten Browser sind konfigurierbar und erm\u00f6glichen es Ihnen, Cookies zu akzeptieren, zu kontrollieren oder zu deaktivieren. Wir weisen Sie jedoch darauf hin, dass die Deaktivierung von Navigationscookies oder funktionalen Cookies das Funktionieren der Website beeintr\u00e4chtigen und\/oder den von uns angebotenen Service einschr\u00e4nken kann. Nachfolgend finden Sie den Weg zur Verwaltung von Cookies mit folgenden Browsern:<\/p>\r\n<p>Internet Explorer: http:\/\/windows.microsoft.com\/de\/windows7\/block-enable-or-allow-cookies<br \/>Safari: https:\/\/support.apple.com\/de\/HT201265<br \/>Chrome: https:\/\/support.google.com\/chrome\/answer\/95647?hl=it-IT&amp;hlrm=fr&amp;hlrm=en<br \/>Firefox: http:\/\/support.mozilla.org\/de-IT\/kb\/enable-and-disable-cookies-website-preferences<\/p>\r\n<p>F\u00fcr weitere Informationen zu Cookies und zur Verwaltung Ihrer Einstellungen zu Profiling-Cookies von Drittanbietern besuchen Sie http:\/\/www.youronlinechoices.com.<\/p>\r\n<p>Um analytische Cookies zu deaktivieren und zu verhindern, dass Google Analytics Daten \u00fcber Ihre Navigation sammelt, k\u00f6nnen Sie das Google Analytics Deaktivierungs-Browser-Add-on unter dieser Adresse herunterladen: https:\/\/tools.google.com\/dlpage\/gaoptout.<\/p>\r\n<p>Diese Dienste erm\u00f6glichen Interaktionen mit sozialen Netzwerken oder anderen externen Plattformen direkt von den Seiten dieser Anwendung aus.<br \/>Die Interaktionen und Informationen, die von dieser Anwendung erfasst werden, unterliegen in jedem Fall den Datenschutzeinstellungen des Benutzers in Bezug auf jedes soziale Netzwerk.<br \/>F\u00fcr den Fall, dass ein Dienst zur Interaktion mit sozialen Netzwerken installiert ist, ist es m\u00f6glich, dass der Benutzer den Dienst auch dann sammelt, wenn er den Dienst nicht verwendet, Verkehrsdaten in Bezug auf die Seiten, auf denen er installiert ist.<\/p>\r\n<p><strong>+1-Schaltfl\u00e4che und Google+ Social Widgets (Google Inc.)<\/strong><\/p>\r\n<p>Die +1-Schaltfl\u00e4che und die sozialen Widgets von Google+ sind Dienste zur Interaktion mit dem sozialen Netzwerk Google+, die von Google Inc. bereitgestellt werden.<\/p>\r\n<p>Gesammelte personenbezogene Daten: Cookies und Nutzungsdaten.<\/p>\r\n<p>Ort der Verarbeitung: USA &#8211; Datenschutzerkl\u00e4rung<\/p>\r\n<p><strong>Like-Schaltfl\u00e4che und soziale Widgets von Facebook (Facebook, Inc.)<\/strong><\/p>\r\n<p>Die Schaltfl\u00e4che &#8222;Gef\u00e4llt mir&#8220; und die sozialen Widgets von Facebook sind Interaktionsdienste mit dem sozialen Netzwerk Facebook, bereitgestellt von Facebook, Inc.<\/p>\r\n<p>Gesammelte personenbezogene Daten: Cookies und Nutzungsdaten.<\/p>\r\n<p>Ort der Verarbeitung: USA &#8211; Datenschutzerkl\u00e4rung<\/p>\r\n<p class=\"testo\">Die in diesem Abschnitt enthaltenen Dienste erm\u00f6glichen es dem Datenverantwortlichen, die Verkehrsdaten zu \u00fcberwachen und zu analysieren und das Verhalten des Benutzers zu verfolgen.<\/p>\r\n<p><strong>Google Analytics mit anonymisierter IP (Google Inc.)<\/strong><\/p>\r\n<p>Google Analytics ist ein Webanalysedienst von Google Inc. (&#8222;Google&#8220;). Google verwendet die gesammelten personenbezogenen Daten, um die Nutzung dieser Anwendung zu verfolgen und zu untersuchen, Berichte zu erstellen und sie mit anderen von Google entwickelten Diensten zu teilen.<br \/>Google kann personenbezogene Daten verwenden, um Anzeigen in seinem Werbenetzwerk zu kontextualisieren und zu personalisieren.<br \/>Diese Integration von Google Analytics anonymisiert Ihre IP-Adresse. Die Anonymisierung funktioniert, indem die IP-Adresse der Nutzer innerhalb der Grenzen der Mitgliedstaaten der Europ\u00e4ischen Union oder anderer Vertragsstaaten des Abkommens \u00fcber den Europ\u00e4ischen Wirtschaftsraum gek\u00fcrzt wird. Nur in Ausnahmef\u00e4llen wird die IP-Adresse an die Server von Google \u00fcbermittelt und innerhalb der USA gek\u00fcrzt.<\/p>\r\n<p>Gesammelte personenbezogene Daten: Cookies und Nutzungsdaten.<\/p>\r\n<p>Ort der Verarbeitung: USA &#8211; Datenschutzerkl\u00e4rung &#8211; Opt Out<\/p>\r\n<p><strong>Shinystat (Shinystat)<\/strong><\/p>\r\n<p>Shynystat ist ein von Shiny S.r.l.<\/p>\r\n<p>Gesammelte personenbezogene Daten: Cookies und Nutzungsdaten.<\/p>\r\n<p>Ort der Verarbeitung: Italien &#8211; Privacy Policy * Datenverantwortlicher<\/p>","protected":false},"excerpt":{"rendered":"<p>Wer wir sind Die Adresse unserer Website lautet: http:\/\/campinglepalme.piramedia.de. Kommentare Wenn Besucher Kommentare auf der Website hinterlassen, erfassen wir die im Kommentarformular angezeigten Daten sowie die IP-Adresse des Besuchers und die Zeichenfolge des User Agents des Browsers, um die Spam-Erkennung zu erleichtern. Eine anonymisierte Zeichenkette, die aus Ihrer E-Mail-Adresse erstellt wurde (ansonsten Hash genannt), kann &#8230;<\/p>\n","protected":false},"author":2,"featured_media":0,"parent":0,"menu_order":0,"comment_status":"closed","ping_status":"open","template":"template-wide-content.php","meta":{"cozystay_single_page_hide_site_header":"","cozystay_single_page_site_header_source":"","cozystay_single_page_custom_site_header":"","cozystay_single_page_custom_sticky_site_header":"","cozystay_single_page_hide_page_title":"","cozystay_single_page_header_section_size":"","cozystay_single_page_header_background_color":"","cozystay_single_page_header_background_position_x":"center","cozystay_single_page_header_background_position_y":"center","cozystay_single_page_header_background_size":"cover","cozystay_single_page_header_background_repeat":"off","cozystay_single_page_header_background_scroll":"on","cozystay_single_page_header_text_color":"","cozystay_single_page_header_show_breadcrumb":"","cozystay_single_page_site_footer_hide_main":"","cozystay_single_custom_site_footer_main_source":"","cozystay_single_custom_site_footer_main":"","cozystay_single_page_site_footer_hide_above":"","cozystay_single_custom_site_footer_above_source":"","cozystay_single_custom_site_footer_above":"","cozystay_single_page_site_footer_hide_instagram":"","cozystay_single_page_site_footer_hide_bottom":"","cozystay_single_custom_mobile_menu_source":"","cozystay_single_custom_mobile_menu":"","cozystay_single_custom_mobile_menu_animation":"","cozystay_single_custom_mobile_menu_width":"","cozystay_single_custom_mobile_menu_custom_width":375,"footnotes":""},"class_list":["post-3529","page","type-page","status-publish","hentry"],"_links":{"self":[{"href":"https:\/\/www.campinglepalme.it\/de\/wp-json\/wp\/v2\/pages\/3529","targetHints":{"allow":["GET"]}}],"collection":[{"href":"https:\/\/www.campinglepalme.it\/de\/wp-json\/wp\/v2\/pages"}],"about":[{"href":"https:\/\/www.campinglepalme.it\/de\/wp-json\/wp\/v2\/types\/page"}],"author":[{"embeddable":true,"href":"https:\/\/www.campinglepalme.it\/de\/wp-json\/wp\/v2\/users\/2"}],"replies":[{"embeddable":true,"href":"https:\/\/www.campinglepalme.it\/de\/wp-json\/wp\/v2\/comments?post=3529"}],"version-history":[{"count":3,"href":"https:\/\/www.campinglepalme.it\/de\/wp-json\/wp\/v2\/pages\/3529\/revisions"}],"predecessor-version":[{"id":3532,"href":"https:\/\/www.campinglepalme.it\/de\/wp-json\/wp\/v2\/pages\/3529\/revisions\/3532"}],"wp:attachment":[{"href":"https:\/\/www.campinglepalme.it\/de\/wp-json\/wp\/v2\/media?parent=3529"}],"curies":[{"name":"wp","href":"https:\/\/api.w.org\/{rel}","templated":true}]}}